{"id":2734,"date":"2020-11-11T21:30:40","date_gmt":"2020-11-11T21:30:40","guid":{"rendered":"https:\/\/built.regional.wir-machen-trocken.de\/?page_id=2734"},"modified":"2024-03-22T09:50:58","modified_gmt":"2024-03-22T09:50:58","slug":"impressum","status":"publish","type":"page","link":"https:\/\/build-verleih.wimatro.de\/?page_id=2734","title":{"rendered":"Impressum"},"content":{"rendered":"\t\t<div data-elementor-type=\"wp-page\" data-elementor-id=\"2734\" class=\"elementor elementor-2734\">\n\t\t\t\t\t\t<section class=\"elementor-section elementor-top-section elementor-element elementor-element-5b23dc34 elementor-section-boxed elementor-section-height-default elementor-section-height-default\" data-id=\"5b23dc34\" data-element_type=\"section\" data-e-type=\"section\">\n\t\t\t\t\t\t<div class=\"elementor-container elementor-column-gap-default\">\n\t\t\t\t\t<div class=\"elementor-column elementor-col-100 elementor-top-column elementor-element elementor-element-82defd0\" data-id=\"82defd0\" data-element_type=\"column\" data-e-type=\"column\">\n\t\t\t<div class=\"elementor-widget-wrap elementor-element-populated\">\n\t\t\t\t\t\t<div class=\"elementor-element elementor-element-488920ae elementor-widget elementor-widget-heading\" data-id=\"488920ae\" data-element_type=\"widget\" data-e-type=\"widget\" data-widget_type=\"heading.default\">\n\t\t\t\t<div class=\"elementor-widget-container\">\n\t\t\t\t\t<h1 class=\"elementor-heading-title elementor-size-default\">Impressum gem. \u00a75 TMG<\/h1>\t\t\t\t<\/div>\n\t\t\t\t<\/div>\n\t\t\t\t<div class=\"elementor-element elementor-element-5303d66c elementor-widget elementor-widget-text-editor\" data-id=\"5303d66c\" data-element_type=\"widget\" data-e-type=\"widget\" data-widget_type=\"text-editor.default\">\n\t\t\t\t<div class=\"elementor-widget-container\">\n\t\t\t\t\t\t\t\t\t<p>Haftender f\u00fcr die Inhalte dieser Internetseite ist Rene Domani.<\/p>\t\t\t\t\t\t\t\t<\/div>\n\t\t\t\t<\/div>\n\t\t\t\t<section class=\"elementor-section elementor-inner-section elementor-element elementor-element-344f4d9 elementor-section-boxed elementor-section-height-default elementor-section-height-default\" data-id=\"344f4d9\" data-element_type=\"section\" data-e-type=\"section\">\n\t\t\t\t\t\t<div class=\"elementor-container elementor-column-gap-default\">\n\t\t\t\t\t<div class=\"elementor-column elementor-col-50 elementor-inner-column elementor-element elementor-element-29f264e1\" data-id=\"29f264e1\" data-element_type=\"column\" data-e-type=\"column\">\n\t\t\t<div class=\"elementor-widget-wrap elementor-element-populated\">\n\t\t\t\t\t\t<div class=\"elementor-element elementor-element-2646dc0c elementor-widget elementor-widget-heading\" data-id=\"2646dc0c\" data-element_type=\"widget\" data-e-type=\"widget\" data-widget_type=\"heading.default\">\n\t\t\t\t<div class=\"elementor-widget-container\">\n\t\t\t\t\t<div class=\"elementor-heading-title elementor-size-default\">Einzelunternehmen<\/div>\t\t\t\t<\/div>\n\t\t\t\t<\/div>\n\t\t\t\t\t<\/div>\n\t\t<\/div>\n\t\t\t\t<div class=\"elementor-column elementor-col-50 elementor-inner-column elementor-element elementor-element-57cab645\" data-id=\"57cab645\" data-element_type=\"column\" data-e-type=\"column\">\n\t\t\t<div class=\"elementor-widget-wrap elementor-element-populated\">\n\t\t\t\t\t\t<div class=\"elementor-element elementor-element-5ed329b6 elementor-widget elementor-widget-heading\" data-id=\"5ed329b6\" data-element_type=\"widget\" data-e-type=\"widget\" data-widget_type=\"heading.default\">\n\t\t\t\t<div class=\"elementor-widget-container\">\n\t\t\t\t\t<div class=\"elementor-heading-title elementor-size-default\">Rene Domani Mietservice<\/div>\t\t\t\t<\/div>\n\t\t\t\t<\/div>\n\t\t\t\t\t<\/div>\n\t\t<\/div>\n\t\t\t\t\t<\/div>\n\t\t<\/section>\n\t\t\t\t<section class=\"elementor-section elementor-inner-section elementor-element elementor-element-511570b6 elementor-section-boxed elementor-section-height-default elementor-section-height-default\" data-id=\"511570b6\" data-element_type=\"section\" data-e-type=\"section\">\n\t\t\t\t\t\t<div class=\"elementor-container elementor-column-gap-default\">\n\t\t\t\t\t<div class=\"elementor-column elementor-col-50 elementor-inner-column elementor-element elementor-element-15464b18\" data-id=\"15464b18\" data-element_type=\"column\" data-e-type=\"column\">\n\t\t\t<div class=\"elementor-widget-wrap elementor-element-populated\">\n\t\t\t\t\t\t<div class=\"elementor-element elementor-element-4a7996b2 elementor-widget elementor-widget-heading\" data-id=\"4a7996b2\" data-element_type=\"widget\" data-e-type=\"widget\" data-widget_type=\"heading.default\">\n\t\t\t\t<div class=\"elementor-widget-container\">\n\t\t\t\t\t<div class=\"elementor-heading-title elementor-size-default\">Unternehmer<\/div>\t\t\t\t<\/div>\n\t\t\t\t<\/div>\n\t\t\t\t\t<\/div>\n\t\t<\/div>\n\t\t\t\t<div class=\"elementor-column elementor-col-50 elementor-inner-column elementor-element elementor-element-346244dc\" data-id=\"346244dc\" data-element_type=\"column\" data-e-type=\"column\">\n\t\t\t<div class=\"elementor-widget-wrap elementor-element-populated\">\n\t\t\t\t\t\t<div class=\"elementor-element elementor-element-3074ac61 elementor-widget elementor-widget-heading\" data-id=\"3074ac61\" data-element_type=\"widget\" data-e-type=\"widget\" data-widget_type=\"heading.default\">\n\t\t\t\t<div class=\"elementor-widget-container\">\n\t\t\t\t\t<div class=\"elementor-heading-title elementor-size-default\">Rene Domani<\/div>\t\t\t\t<\/div>\n\t\t\t\t<\/div>\n\t\t\t\t\t<\/div>\n\t\t<\/div>\n\t\t\t\t\t<\/div>\n\t\t<\/section>\n\t\t\t\t<section class=\"elementor-section elementor-inner-section elementor-element elementor-element-4f433d2 elementor-section-boxed elementor-section-height-default elementor-section-height-default\" data-id=\"4f433d2\" data-element_type=\"section\" data-e-type=\"section\">\n\t\t\t\t\t\t<div class=\"elementor-container elementor-column-gap-default\">\n\t\t\t\t\t<div class=\"elementor-column elementor-col-50 elementor-inner-column elementor-element elementor-element-47a53212\" data-id=\"47a53212\" data-element_type=\"column\" data-e-type=\"column\">\n\t\t\t<div class=\"elementor-widget-wrap elementor-element-populated\">\n\t\t\t\t\t\t<div class=\"elementor-element elementor-element-1f5b2f1c elementor-widget elementor-widget-heading\" data-id=\"1f5b2f1c\" data-element_type=\"widget\" data-e-type=\"widget\" data-widget_type=\"heading.default\">\n\t\t\t\t<div class=\"elementor-widget-container\">\n\t\t\t\t\t<div class=\"elementor-heading-title elementor-size-default\">Post-Anschrift<\/div>\t\t\t\t<\/div>\n\t\t\t\t<\/div>\n\t\t\t\t\t<\/div>\n\t\t<\/div>\n\t\t\t\t<div class=\"elementor-column elementor-col-50 elementor-inner-column elementor-element elementor-element-1c0ee5a7\" data-id=\"1c0ee5a7\" data-element_type=\"column\" data-e-type=\"column\">\n\t\t\t<div class=\"elementor-widget-wrap elementor-element-populated\">\n\t\t\t\t\t\t<div class=\"elementor-element elementor-element-20dd1ea0 elementor-widget elementor-widget-heading\" data-id=\"20dd1ea0\" data-element_type=\"widget\" data-e-type=\"widget\" data-widget_type=\"heading.default\">\n\t\t\t\t<div class=\"elementor-widget-container\">\n\t\t\t\t\t<div class=\"elementor-heading-title elementor-size-default\">Uli-Biesinger-Weg 5h<br>\n86154 Augsburg<\/div>\t\t\t\t<\/div>\n\t\t\t\t<\/div>\n\t\t\t\t\t<\/div>\n\t\t<\/div>\n\t\t\t\t\t<\/div>\n\t\t<\/section>\n\t\t\t\t<section class=\"elementor-section elementor-inner-section elementor-element elementor-element-42275e10 elementor-section-boxed elementor-section-height-default elementor-section-height-default\" data-id=\"42275e10\" data-element_type=\"section\" data-e-type=\"section\">\n\t\t\t\t\t\t<div class=\"elementor-container elementor-column-gap-default\">\n\t\t\t\t\t<div class=\"elementor-column elementor-col-50 elementor-inner-column elementor-element elementor-element-23c1e07d\" data-id=\"23c1e07d\" data-element_type=\"column\" data-e-type=\"column\">\n\t\t\t<div class=\"elementor-widget-wrap elementor-element-populated\">\n\t\t\t\t\t\t<div class=\"elementor-element elementor-element-7a8892a3 elementor-widget elementor-widget-heading\" data-id=\"7a8892a3\" data-element_type=\"widget\" data-e-type=\"widget\" data-widget_type=\"heading.default\">\n\t\t\t\t<div class=\"elementor-widget-container\">\n\t\t\t\t\t<div class=\"elementor-heading-title elementor-size-default\">E-Mail<\/div>\t\t\t\t<\/div>\n\t\t\t\t<\/div>\n\t\t\t\t\t<\/div>\n\t\t<\/div>\n\t\t\t\t<div class=\"elementor-column elementor-col-50 elementor-inner-column elementor-element elementor-element-5fc29be1\" data-id=\"5fc29be1\" data-element_type=\"column\" data-e-type=\"column\">\n\t\t\t<div class=\"elementor-widget-wrap elementor-element-populated\">\n\t\t\t\t\t\t<div class=\"elementor-element elementor-element-33c9e88e elementor-widget elementor-widget-heading\" data-id=\"33c9e88e\" data-element_type=\"widget\" data-e-type=\"widget\" data-widget_type=\"heading.default\">\n\t\t\t\t<div class=\"elementor-widget-container\">\n\t\t\t\t\t<div class=\"elementor-heading-title elementor-size-default\"><a href=\"mailto:mail@miet-held.de\">mail@miet-held.de<\/a><\/div>\t\t\t\t<\/div>\n\t\t\t\t<\/div>\n\t\t\t\t\t<\/div>\n\t\t<\/div>\n\t\t\t\t\t<\/div>\n\t\t<\/section>\n\t\t\t\t<section class=\"elementor-section elementor-inner-section elementor-element elementor-element-147c6c8e elementor-section-boxed elementor-section-height-default elementor-section-height-default\" data-id=\"147c6c8e\" data-element_type=\"section\" data-e-type=\"section\">\n\t\t\t\t\t\t<div class=\"elementor-container elementor-column-gap-default\">\n\t\t\t\t\t<div class=\"elementor-column elementor-col-50 elementor-inner-column elementor-element elementor-element-4151069f\" data-id=\"4151069f\" data-element_type=\"column\" data-e-type=\"column\">\n\t\t\t<div class=\"elementor-widget-wrap elementor-element-populated\">\n\t\t\t\t\t\t<div class=\"elementor-element elementor-element-1bf3a0c2 elementor-widget elementor-widget-heading\" data-id=\"1bf3a0c2\" data-element_type=\"widget\" data-e-type=\"widget\" data-widget_type=\"heading.default\">\n\t\t\t\t<div class=\"elementor-widget-container\">\n\t\t\t\t\t<div class=\"elementor-heading-title elementor-size-default\">Telefon<\/div>\t\t\t\t<\/div>\n\t\t\t\t<\/div>\n\t\t\t\t\t<\/div>\n\t\t<\/div>\n\t\t\t\t<div class=\"elementor-column elementor-col-50 elementor-inner-column elementor-element elementor-element-36bd9cb3\" data-id=\"36bd9cb3\" data-element_type=\"column\" data-e-type=\"column\">\n\t\t\t<div class=\"elementor-widget-wrap elementor-element-populated\">\n\t\t\t\t\t\t<div class=\"elementor-element elementor-element-3ec23870 elementor-widget elementor-widget-heading\" data-id=\"3ec23870\" data-element_type=\"widget\" data-e-type=\"widget\" data-widget_type=\"heading.default\">\n\t\t\t\t<div class=\"elementor-widget-container\">\n\t\t\t\t\t<div class=\"elementor-heading-title elementor-size-default\">0821 \/ 567 323 - 0<\/div>\t\t\t\t<\/div>\n\t\t\t\t<\/div>\n\t\t\t\t\t<\/div>\n\t\t<\/div>\n\t\t\t\t\t<\/div>\n\t\t<\/section>\n\t\t\t\t<section class=\"elementor-section elementor-inner-section elementor-element elementor-element-2c6c7b9 elementor-section-boxed elementor-section-height-default elementor-section-height-default\" data-id=\"2c6c7b9\" data-element_type=\"section\" data-e-type=\"section\">\n\t\t\t\t\t\t<div class=\"elementor-container elementor-column-gap-default\">\n\t\t\t\t\t<div class=\"elementor-column elementor-col-50 elementor-inner-column elementor-element elementor-element-21142fe\" data-id=\"21142fe\" data-element_type=\"column\" data-e-type=\"column\">\n\t\t\t<div class=\"elementor-widget-wrap elementor-element-populated\">\n\t\t\t\t\t\t<div class=\"elementor-element elementor-element-d5a953b elementor-widget elementor-widget-heading\" data-id=\"d5a953b\" data-element_type=\"widget\" data-e-type=\"widget\" data-widget_type=\"heading.default\">\n\t\t\t\t<div class=\"elementor-widget-container\">\n\t\t\t\t\t<div class=\"elementor-heading-title elementor-size-default\">Fax<\/div>\t\t\t\t<\/div>\n\t\t\t\t<\/div>\n\t\t\t\t\t<\/div>\n\t\t<\/div>\n\t\t\t\t<div class=\"elementor-column elementor-col-50 elementor-inner-column elementor-element elementor-element-981b54d\" data-id=\"981b54d\" data-element_type=\"column\" data-e-type=\"column\">\n\t\t\t<div class=\"elementor-widget-wrap elementor-element-populated\">\n\t\t\t\t\t\t<div class=\"elementor-element elementor-element-fa40bd6 elementor-widget elementor-widget-heading\" data-id=\"fa40bd6\" data-element_type=\"widget\" data-e-type=\"widget\" data-widget_type=\"heading.default\">\n\t\t\t\t<div class=\"elementor-widget-container\">\n\t\t\t\t\t<div class=\"elementor-heading-title elementor-size-default\">0821 \/ 567 323 - 99<\/div>\t\t\t\t<\/div>\n\t\t\t\t<\/div>\n\t\t\t\t\t<\/div>\n\t\t<\/div>\n\t\t\t\t\t<\/div>\n\t\t<\/section>\n\t\t\t\t<section class=\"elementor-section elementor-inner-section elementor-element elementor-element-3aa8f507 elementor-section-boxed elementor-section-height-default elementor-section-height-default\" data-id=\"3aa8f507\" data-element_type=\"section\" data-e-type=\"section\">\n\t\t\t\t\t\t<div class=\"elementor-container elementor-column-gap-default\">\n\t\t\t\t\t<div class=\"elementor-column elementor-col-50 elementor-inner-column elementor-element elementor-element-5bffc762\" data-id=\"5bffc762\" data-element_type=\"column\" data-e-type=\"column\">\n\t\t\t<div class=\"elementor-widget-wrap elementor-element-populated\">\n\t\t\t\t\t\t<div class=\"elementor-element elementor-element-2731a845 elementor-widget elementor-widget-heading\" data-id=\"2731a845\" data-element_type=\"widget\" data-e-type=\"widget\" data-widget_type=\"heading.default\">\n\t\t\t\t<div class=\"elementor-widget-container\">\n\t\t\t\t\t<div class=\"elementor-heading-title elementor-size-default\">USt-IdNr.<\/div>\t\t\t\t<\/div>\n\t\t\t\t<\/div>\n\t\t\t\t\t<\/div>\n\t\t<\/div>\n\t\t\t\t<div class=\"elementor-column elementor-col-50 elementor-inner-column elementor-element elementor-element-2a5cfe35\" data-id=\"2a5cfe35\" data-element_type=\"column\" data-e-type=\"column\">\n\t\t\t<div class=\"elementor-widget-wrap elementor-element-populated\">\n\t\t\t\t\t\t<div class=\"elementor-element elementor-element-427a5f96 elementor-widget elementor-widget-heading\" data-id=\"427a5f96\" data-element_type=\"widget\" data-e-type=\"widget\" data-widget_type=\"heading.default\">\n\t\t\t\t<div class=\"elementor-widget-container\">\n\t\t\t\t\t<div class=\"elementor-heading-title elementor-size-default\">DE333577227<\/div>\t\t\t\t<\/div>\n\t\t\t\t<\/div>\n\t\t\t\t\t<\/div>\n\t\t<\/div>\n\t\t\t\t\t<\/div>\n\t\t<\/section>\n\t\t\t\t<div class=\"elementor-element elementor-element-159e9afa elementor-widget elementor-widget-text-editor\" data-id=\"159e9afa\" data-element_type=\"widget\" data-e-type=\"widget\" data-widget_type=\"text-editor.default\">\n\t\t\t\t<div class=\"elementor-widget-container\">\n\t\t\t\t\t\t\t\t\t<p>Die Europ\u00e4ische Kommission stellt eine Plattform f\u00fcr die au\u00dfergerichtliche Online-Streitbeilegung (OS-Plattform) bereit. Wir sind weder verpflichtet noch bereit, an dem Streitschlichtungsverfahren teilzunehmen.<br \/>Plattform der EU-Kommission zur Online-Streitbeilegung: <a href=\"https:\/\/www.ec.europa.eu\/consumers\/odr\">https:\/\/www.ec.europa.eu\/consumers\/odr<\/a><\/p>\t\t\t\t\t\t\t\t<\/div>\n\t\t\t\t<\/div>\n\t\t\t\t\t<\/div>\n\t\t<\/div>\n\t\t\t\t\t<\/div>\n\t\t<\/section>\n\t\t\t\t<\/div>\n\t\t","protected":false},"excerpt":{"rendered":"<p>Impressum gem. \u00a75 TMG Haftender f\u00fcr die Inhalte dieser Internetseite ist Rene Domani. Einzelunternehmen Rene Domani Mietservice Unternehmer Rene Domani Post-Anschrift Uli-Biesinger-Weg 5h 86154 Augsburg E-Mail mail@miet-held.de Telefon 0821 \/ 567 323 &#8211; 0 Fax 0821 \/ 567 323 &#8211; 99 USt-IdNr. DE333577227 Die Europ\u00e4ische Kommission stellt eine Plattform f\u00fcr die au\u00dfergerichtliche Online-Streitbeilegung (OS-Plattform) bereit.&hellip;&nbsp;<a href=\"https:\/\/build-verleih.wimatro.de\/?page_id=2734\" class=\"\" rel=\"bookmark\">Weiterlesen &raquo;<span class=\"screen-reader-text\">Impressum<\/span><\/a><\/p>\n","protected":false},"author":1,"featured_media":0,"parent":0,"menu_order":0,"comment_status":"closed","ping_status":"closed","template":"page-templates\/template-pagebuilder-full-width.php","meta":{"_acf_changed":false,"inline_featured_image":false,"neve_meta_sidebar":"full-width","neve_meta_container":"","neve_meta_enable_content_width":"on","neve_meta_content_width":100,"neve_meta_title_alignment":"","neve_meta_author_avatar":"","neve_post_elements_order":"","neve_meta_disable_header":"","neve_meta_disable_footer":"","neve_meta_disable_title":"","footnotes":""},"class_list":["post-2734","page","type-page","status-publish","hentry"],"acf":[],"yoast_head":"<!-- This site is optimized with the Yoast SEO plugin v27.4 - https:\/\/yoast.com\/product\/yoast-seo-wordpress\/ -->\n<title>Impressum - $firmenname$<\/title>\n<meta name=\"description\" content=\"Impressum - Bei uns k\u00f6nnen Sie schnell und g\u00fcnstig Bautrockner mieten. Wir machen schnell trocken. Bester Service\" \/>\n<meta name=\"robots\" content=\"noindex, follow, max-snippet:-1, max-image-preview:large, max-video-preview:-1\" \/>\n<meta property=\"og:locale\" content=\"de_DE\" \/>\n<meta property=\"og:type\" content=\"article\" \/>\n<meta property=\"og:title\" content=\"Impressum - $firmenname$\" \/>\n<meta property=\"og:description\" content=\"Impressum - Bei uns k\u00f6nnen Sie schnell und g\u00fcnstig Bautrockner mieten. Wir machen schnell trocken. Bester Service\" \/>\n<meta property=\"og:url\" content=\"https:\/\/build-verleih.wimatro.de\/?page_id=2734\" \/>\n<meta property=\"og:site_name\" content=\"$firmenname$\" \/>\n<meta property=\"article:modified_time\" content=\"2024-03-22T09:50:58+00:00\" \/>\n<meta name=\"twitter:card\" content=\"summary_large_image\" \/>\n<meta name=\"twitter:label1\" content=\"Gesch\u00e4tzte Lesezeit\" \/>\n\t<meta name=\"twitter:data1\" content=\"1\u00a0Minute\" \/>\n<script type=\"application\/ld+json\" class=\"yoast-schema-graph\">{\"@context\":\"https:\\\/\\\/schema.org\",\"@graph\":[{\"@type\":\"WebPage\",\"@id\":\"https:\\\/\\\/build-verleih.wimatro.de\\\/?page_id=2734\",\"url\":\"https:\\\/\\\/build-verleih.wimatro.de\\\/?page_id=2734\",\"name\":\"Impressum - $firmenname$\",\"isPartOf\":{\"@id\":\"https:\\\/\\\/build-verleih.wimatro.de\\\/#website\"},\"datePublished\":\"2020-11-11T21:30:40+00:00\",\"dateModified\":\"2024-03-22T09:50:58+00:00\",\"description\":\"Impressum - Bei uns k\u00f6nnen Sie schnell und g\u00fcnstig Bautrockner mieten. Wir machen schnell trocken. Bester Service\",\"breadcrumb\":{\"@id\":\"https:\\\/\\\/build-verleih.wimatro.de\\\/?page_id=2734#breadcrumb\"},\"inLanguage\":\"de\",\"potentialAction\":[{\"@type\":\"ReadAction\",\"target\":[\"https:\\\/\\\/build-verleih.wimatro.de\\\/?page_id=2734\"]}]},{\"@type\":\"BreadcrumbList\",\"@id\":\"https:\\\/\\\/build-verleih.wimatro.de\\\/?page_id=2734#breadcrumb\",\"itemListElement\":[{\"@type\":\"ListItem\",\"position\":1,\"name\":\"Startseite\",\"item\":\"https:\\\/\\\/build-verleih.wimatro.de\\\/\"},{\"@type\":\"ListItem\",\"position\":2,\"name\":\"Impressum\"}]},{\"@type\":\"WebSite\",\"@id\":\"https:\\\/\\\/build-verleih.wimatro.de\\\/#website\",\"url\":\"https:\\\/\\\/build-verleih.wimatro.de\\\/\",\"name\":\"Bautrockner-Vermietung $ort$\",\"description\":\"Werkzeuge und Baumaschinen ausleihen\",\"publisher\":{\"@id\":\"https:\\\/\\\/build-verleih.wimatro.de\\\/#organization\"},\"potentialAction\":[{\"@type\":\"SearchAction\",\"target\":{\"@type\":\"EntryPoint\",\"urlTemplate\":\"https:\\\/\\\/build-verleih.wimatro.de\\\/?s={search_term_string}\"},\"query-input\":{\"@type\":\"PropertyValueSpecification\",\"valueRequired\":true,\"valueName\":\"search_term_string\"}}],\"inLanguage\":\"de\"},{\"@type\":\"Organization\",\"@id\":\"https:\\\/\\\/build-verleih.wimatro.de\\\/#organization\",\"name\":\"Bautrockner-Vermietung $ort$\",\"url\":\"https:\\\/\\\/build-verleih.wimatro.de\\\/\",\"logo\":{\"@type\":\"ImageObject\",\"inLanguage\":\"de\",\"@id\":\"https:\\\/\\\/build-verleih.wimatro.de\\\/#\\\/schema\\\/logo\\\/image\\\/\",\"url\":\"https:\\\/\\\/build-verleih.wimatro.de\\\/wp-content\\\/uploads\\\/2021\\\/04\\\/Logo-Schriftzug-quadratisch-1.svg\",\"contentUrl\":\"https:\\\/\\\/build-verleih.wimatro.de\\\/wp-content\\\/uploads\\\/2021\\\/04\\\/Logo-Schriftzug-quadratisch-1.svg\",\"width\":\"1024\",\"height\":\"1024\",\"caption\":\"Bautrockner-Vermietung $ort$\"},\"image\":{\"@id\":\"https:\\\/\\\/build-verleih.wimatro.de\\\/#\\\/schema\\\/logo\\\/image\\\/\"}}]}<\/script>\n<!-- \/ Yoast SEO plugin. -->","yoast_head_json":{"title":"Impressum - $firmenname$","description":"Impressum - Bei uns k\u00f6nnen Sie schnell und g\u00fcnstig Bautrockner mieten. Wir machen schnell trocken. Bester Service","robots":{"index":"noindex","follow":"follow","max-snippet":"max-snippet:-1","max-image-preview":"max-image-preview:large","max-video-preview":"max-video-preview:-1"},"og_locale":"de_DE","og_type":"article","og_title":"Impressum - $firmenname$","og_description":"Impressum - Bei uns k\u00f6nnen Sie schnell und g\u00fcnstig Bautrockner mieten. Wir machen schnell trocken. Bester Service","og_url":"https:\/\/build-verleih.wimatro.de\/?page_id=2734","og_site_name":"$firmenname$","article_modified_time":"2024-03-22T09:50:58+00:00","twitter_card":"summary_large_image","twitter_misc":{"Gesch\u00e4tzte Lesezeit":"1\u00a0Minute"},"schema":{"@context":"https:\/\/schema.org","@graph":[{"@type":"WebPage","@id":"https:\/\/build-verleih.wimatro.de\/?page_id=2734","url":"https:\/\/build-verleih.wimatro.de\/?page_id=2734","name":"Impressum - $firmenname$","isPartOf":{"@id":"https:\/\/build-verleih.wimatro.de\/#website"},"datePublished":"2020-11-11T21:30:40+00:00","dateModified":"2024-03-22T09:50:58+00:00","description":"Impressum - Bei uns k\u00f6nnen Sie schnell und g\u00fcnstig Bautrockner mieten. Wir machen schnell trocken. Bester Service","breadcrumb":{"@id":"https:\/\/build-verleih.wimatro.de\/?page_id=2734#breadcrumb"},"inLanguage":"de","potentialAction":[{"@type":"ReadAction","target":["https:\/\/build-verleih.wimatro.de\/?page_id=2734"]}]},{"@type":"BreadcrumbList","@id":"https:\/\/build-verleih.wimatro.de\/?page_id=2734#breadcrumb","itemListElement":[{"@type":"ListItem","position":1,"name":"Startseite","item":"https:\/\/build-verleih.wimatro.de\/"},{"@type":"ListItem","position":2,"name":"Impressum"}]},{"@type":"WebSite","@id":"https:\/\/build-verleih.wimatro.de\/#website","url":"https:\/\/build-verleih.wimatro.de\/","name":"Bautrockner-Vermietung $ort$","description":"Werkzeuge und Baumaschinen ausleihen","publisher":{"@id":"https:\/\/build-verleih.wimatro.de\/#organization"},"potentialAction":[{"@type":"SearchAction","target":{"@type":"EntryPoint","urlTemplate":"https:\/\/build-verleih.wimatro.de\/?s={search_term_string}"},"query-input":{"@type":"PropertyValueSpecification","valueRequired":true,"valueName":"search_term_string"}}],"inLanguage":"de"},{"@type":"Organization","@id":"https:\/\/build-verleih.wimatro.de\/#organization","name":"Bautrockner-Vermietung $ort$","url":"https:\/\/build-verleih.wimatro.de\/","logo":{"@type":"ImageObject","inLanguage":"de","@id":"https:\/\/build-verleih.wimatro.de\/#\/schema\/logo\/image\/","url":"https:\/\/build-verleih.wimatro.de\/wp-content\/uploads\/2021\/04\/Logo-Schriftzug-quadratisch-1.svg","contentUrl":"https:\/\/build-verleih.wimatro.de\/wp-content\/uploads\/2021\/04\/Logo-Schriftzug-quadratisch-1.svg","width":"1024","height":"1024","caption":"Bautrockner-Vermietung $ort$"},"image":{"@id":"https:\/\/build-verleih.wimatro.de\/#\/schema\/logo\/image\/"}}]}},"_links":{"self":[{"href":"https:\/\/build-verleih.wimatro.de\/index.php?rest_route=\/wp\/v2\/pages\/2734","targetHints":{"allow":["GET"]}}],"collection":[{"href":"https:\/\/build-verleih.wimatro.de\/index.php?rest_route=\/wp\/v2\/pages"}],"about":[{"href":"https:\/\/build-verleih.wimatro.de\/index.php?rest_route=\/wp\/v2\/types\/page"}],"author":[{"embeddable":true,"href":"https:\/\/build-verleih.wimatro.de\/index.php?rest_route=\/wp\/v2\/users\/1"}],"replies":[{"embeddable":true,"href":"https:\/\/build-verleih.wimatro.de\/index.php?rest_route=%2Fwp%2Fv2%2Fcomments&post=2734"}],"version-history":[{"count":29,"href":"https:\/\/build-verleih.wimatro.de\/index.php?rest_route=\/wp\/v2\/pages\/2734\/revisions"}],"predecessor-version":[{"id":7998,"href":"https:\/\/build-verleih.wimatro.de\/index.php?rest_route=\/wp\/v2\/pages\/2734\/revisions\/7998"}],"wp:attachment":[{"href":"https:\/\/build-verleih.wimatro.de\/index.php?rest_route=%2Fwp%2Fv2%2Fmedia&parent=2734"}],"curies":[{"name":"wp","href":"https:\/\/api.w.org\/{rel}","templated":true}]}}